{"id":34,"date":"2021-11-08T15:46:40","date_gmt":"2021-11-08T15:46:40","guid":{"rendered":"https:\/\/freewebconcept.com\/fwc2021\/home\/"},"modified":"2021-11-08T21:50:56","modified_gmt":"2021-11-08T21:50:56","slug":"home","status":"publish","type":"page","link":"https:\/\/freewebconcept.com\/fwc2021\/","title":{"rendered":"Accueil"},"content":{"rendered":"\r\n\r\n\r\n\r\n\r\n\r\n\r\n\r\n\r\n\r\n\r\n<p style=\"font-size: x-large;\"><strong style=\"color: #a10000;\">Le marketing digital\u00a0<\/strong><\/p>\r\n\r\n\r\n\r\n<p>C&rsquo;est l&rsquo;ensemble des pratiques dont le but est de promouvoir une entreprise, de capter des leads et de gagner de nouveaux clients via diff\u00e9rents supports num\u00e9riques:<\/p>\r\n\r\n\r\n\r\n<p>Le web : sites corporate et sites marchands, blogs.<\/p>\r\n<p>Les r\u00e9seaux sociaux.<\/p>\r\n<p>Le SEO : r\u00e9f\u00e9rencement naturel sur les moteurs de recherche.<\/p>\r\n<p>Le SMO : r\u00e9f\u00e9rencement naturel sur les plateformes social media.<\/p>\r\n<p>L&rsquo;inbound marketing : content marketing, newsletters&#8230;<\/p>\r\n<p>Le marketing mobile : applications, m-couponing, notifications push g\u00e9olocalis\u00e9es&#8230;<\/p>\r\n<p>Le Big Data : l&rsquo;exploitation des donn\u00e9es des internautes.<\/p>\r\n<p>Le marketing local : annonces publicitaires g\u00e9olocalis\u00e9es sur les moteurs de recherche, r\u00e9seaux sociaux en utilisant l&rsquo;intelligence artificielle\u00a0<\/p>\r\n\r\n\r\n\r\n\r\n\r\n\r\n\r\n<h2 style=\"color: #a10000;\">NOTRE MISSION<\/h2>\r\n\r\n\r\n\r\n<p>Vous aider \u00e0 acqu\u00e9rir de nouveaux clients.<\/p>\r\n<p>D\u00e9tecter des leads.<\/p>\r\n<p>Donner de la visibilit\u00e9 et de la cr\u00e9dibilit\u00e9 \u00e0 l&rsquo;entreprise.<\/p>\r\n<p>Promouvoir une offre \u00e0 un public \u00e9largi.<\/p>\r\n<p>Veiller \u00e0 rendre\u00a0La relation-client totalement innovante et digitalis\u00e9e\u00a0<\/p>\r\n\r\n\r\n\r\n\r\n\r\n\r\n\r\n\r\n\r\n\r\n\r\n\r\n\r\n\r\n\r\n\r\n\r\n\r\n\r\n<p>&nbsp;<\/p>","protected":false},"excerpt":{"rendered":"<p>&nbsp;<\/p>\n","protected":false},"author":1,"featured_media":0,"parent":0,"menu_order":0,"comment_status":"closed","ping_status":"closed","template":"","meta":[],"_links":{"self":[{"href":"https:\/\/freewebconcept.com\/fwc2021\/wp-json\/wp\/v2\/pages\/34"}],"collection":[{"href":"https:\/\/freewebconcept.com\/fwc2021\/wp-json\/wp\/v2\/pages"}],"about":[{"href":"https:\/\/freewebconcept.com\/fwc2021\/wp-json\/wp\/v2\/types\/page"}],"author":[{"embeddable":true,"href":"https:\/\/freewebconcept.com\/fwc2021\/wp-json\/wp\/v2\/users\/1"}],"replies":[{"embeddable":true,"href":"https:\/\/freewebconcept.com\/fwc2021\/wp-json\/wp\/v2\/comments?post=34"}],"version-history":[{"count":6,"href":"https:\/\/freewebconcept.com\/fwc2021\/wp-json\/wp\/v2\/pages\/34\/revisions"}],"predecessor-version":[{"id":92,"href":"https:\/\/freewebconcept.com\/fwc2021\/wp-json\/wp\/v2\/pages\/34\/revisions\/92"}],"wp:attachment":[{"href":"https:\/\/freewebconcept.com\/fwc2021\/wp-json\/wp\/v2\/media?parent=34"}],"curies":[{"name":"wp","href":"https:\/\/api.w.org\/{rel}","templated":true}]}}