{"id":35,"date":"2021-11-08T15:46:40","date_gmt":"2021-11-08T15:46:40","guid":{"rendered":"https:\/\/freewebconcept.com\/fwc2021\/about\/"},"modified":"2021-11-08T23:42:58","modified_gmt":"2021-11-08T23:42:58","slug":"about","status":"publish","type":"page","link":"https:\/\/freewebconcept.com\/fwc2021\/about\/","title":{"rendered":"Qui Sommes Nous"},"content":{"rendered":"\n\n\n\n\n\n\n\n\n\n\n\n\n\n\n\r\n<h3><span style=\"color: #800000;\">FREEWEBCONCEPT<\/span><\/h3>\r\n\n\r\n<p>Pr\u00e9sent sur le web depuis 2007, nous avons suivi l\u2019essor du marketing digital depuis ces d\u00e9buts en Tunisie.<\/p>\r\n<p>Notre expertise et conseils sont votre atout pour vous encrer dans le marcher et mettre en avant vos produits.<\/p>\r\n<p>Afin de garantir une exp\u00e9rience client et candidat de qualit\u00e9, nous nous appuyons sur une solide\u00a0culture de l\u2019innovation. Nous proposons une offre de service sur-mesure\u00a0: outils de sourcing &amp; visibilit\u00e9 m\u00e9dias, parcours candidat augment\u00e9\u2026<\/p>\r\n<p>Dans un monde en pleine mutation, s\u2019appuyer sur un partenaire de confiance, exp\u00e9riment\u00e9, est indispensable pour vous accompagner et anticiper les changements de demain. Les experts Digital Marketing de FREEWEBCONCEPT sont engag\u00e9s au quotidien et travaillent en proximit\u00e9 avec vos \u00e9quipes pour mettre la puissance du digital au service de votre r\u00e9ussite.<\/p>\r\n\n\n\n","protected":false},"excerpt":{"rendered":"","protected":false},"author":1,"featured_media":0,"parent":0,"menu_order":0,"comment_status":"closed","ping_status":"closed","template":"","meta":[],"_links":{"self":[{"href":"https:\/\/freewebconcept.com\/fwc2021\/wp-json\/wp\/v2\/pages\/35"}],"collection":[{"href":"https:\/\/freewebconcept.com\/fwc2021\/wp-json\/wp\/v2\/pages"}],"about":[{"href":"https:\/\/freewebconcept.com\/fwc2021\/wp-json\/wp\/v2\/types\/page"}],"author":[{"embeddable":true,"href":"https:\/\/freewebconcept.com\/fwc2021\/wp-json\/wp\/v2\/users\/1"}],"replies":[{"embeddable":true,"href":"https:\/\/freewebconcept.com\/fwc2021\/wp-json\/wp\/v2\/comments?post=35"}],"version-history":[{"count":9,"href":"https:\/\/freewebconcept.com\/fwc2021\/wp-json\/wp\/v2\/pages\/35\/revisions"}],"predecessor-version":[{"id":106,"href":"https:\/\/freewebconcept.com\/fwc2021\/wp-json\/wp\/v2\/pages\/35\/revisions\/106"}],"wp:attachment":[{"href":"https:\/\/freewebconcept.com\/fwc2021\/wp-json\/wp\/v2\/media?parent=35"}],"curies":[{"name":"wp","href":"https:\/\/api.w.org\/{rel}","templated":true}]}}