{"id":37,"date":"2021-11-08T15:46:40","date_gmt":"2021-11-08T15:46:40","guid":{"rendered":"https:\/\/freewebconcept.com\/fwc2021\/service\/"},"modified":"2021-11-08T22:20:09","modified_gmt":"2021-11-08T22:20:09","slug":"service","status":"publish","type":"page","link":"https:\/\/freewebconcept.com\/fwc2021\/service\/","title":{"rendered":"Le Digital Marketing"},"content":{"rendered":"\n\n\n\r\n<h2>Nous Vous Aidons \u00e0:<\/h2>\r\n\n\n<p>&#8211; Augmenter la visibilit\u00e9 de son entreprise SaaS B2B : en publiant du contenu r\u00e9guli\u00e8rement, vous \u00e9largirez votre audience et la visibilit\u00e9 de votre activit\u00e9.<br>&#8211; Am\u00e9liorer la communication avec les clients : chaque post, like, partage, message priv\u00e9 utilis\u00e9 par les internautes est un canal de communication.<br>&#8211; R\u00e9duire les co\u00fbts marketing : moins ch\u00e8re qu\u2019une campagne publicitaire, une strat\u00e9gie social media bien construite peut s\u2019av\u00e9rer tout aussi rentable.<br>&#8211; Approfondir la connaissance des clients\/prospects : les informations r\u00e9colt\u00e9es permettent d\u2019affiner la connaissance de vos personas et donc de votre offre.<br>&#8211; G\u00e9n\u00e9rer de la confiance et de la cr\u00e9dibilit\u00e9 : la pr\u00e9sence d\u2019une entreprise SaaS sur les r\u00e9seaux sociaux g\u00e9n\u00e8re de la confiance et sous-entend une capacit\u00e9 \u00e0 r\u00e9pondre et traiter les probl\u00e8mes efficacement.<br>&#8211; nous vous aidons \u00e0 mettre en place une solution web interactive et innovante.<\/p>\n<p><br><\/p><p>MARKETING DIGITAL ET SOCIAL MEDIA : QUELLE STRAT\u00c9GIE ADOPTER ?<\/p>\n<p>Le social media ou SMO (Social Media Optimization) fait partie int\u00e9grante de tout marketing digital efficace. Comprenez par SMO le champ \u00e9largi des recherches via les r\u00e9seaux sociaux, de plus en plus en vogue avec l\u2019utilisation des hashtags par exemple.<\/p><p>Les r\u00e9seaux sociaux permettent entre autres d\u2019augmenter le trafic vers votre site gr\u00e2ce \u00e0 la publication de posts r\u00e9guliers sur votre activit\u00e9.<\/p><div><br><\/div>\n<p>&nbsp;<\/p>\n\n\n\n","protected":false},"excerpt":{"rendered":"","protected":false},"author":1,"featured_media":0,"parent":0,"menu_order":0,"comment_status":"closed","ping_status":"closed","template":"","meta":[],"_links":{"self":[{"href":"https:\/\/freewebconcept.com\/fwc2021\/wp-json\/wp\/v2\/pages\/37"}],"collection":[{"href":"https:\/\/freewebconcept.com\/fwc2021\/wp-json\/wp\/v2\/pages"}],"about":[{"href":"https:\/\/freewebconcept.com\/fwc2021\/wp-json\/wp\/v2\/types\/page"}],"author":[{"embeddable":true,"href":"https:\/\/freewebconcept.com\/fwc2021\/wp-json\/wp\/v2\/users\/1"}],"replies":[{"embeddable":true,"href":"https:\/\/freewebconcept.com\/fwc2021\/wp-json\/wp\/v2\/comments?post=37"}],"version-history":[{"count":9,"href":"https:\/\/freewebconcept.com\/fwc2021\/wp-json\/wp\/v2\/pages\/37\/revisions"}],"predecessor-version":[{"id":77,"href":"https:\/\/freewebconcept.com\/fwc2021\/wp-json\/wp\/v2\/pages\/37\/revisions\/77"}],"wp:attachment":[{"href":"https:\/\/freewebconcept.com\/fwc2021\/wp-json\/wp\/v2\/media?parent=37"}],"curies":[{"name":"wp","href":"https:\/\/api.w.org\/{rel}","templated":true}]}}